{"id":534,"date":"2019-07-24T18:28:07","date_gmt":"2019-07-24T16:28:07","guid":{"rendered":"http:\/\/pihouse.pl\/?page_id=534"},"modified":"2019-07-24T18:38:26","modified_gmt":"2019-07-24T16:38:26","slug":"ankieta","status":"publish","type":"page","link":"https:\/\/pihouse.pl\/en\/ankieta\/","title":{"rendered":"questionnaire"},"content":{"rendered":"<div data-elementor-type=\"wp-post\" data-elementor-id=\"534\" class=\"elementor elementor-534\" data-elementor-post-type=\"page\">\n\t\t\t\t\t\t<section class=\"elementor-section elementor-top-section elementor-element elementor-element-a46ac61 elementor-section-boxed elementor-section-height-default elementor-section-height-default\" data-id=\"a46ac61\" data-element_type=\"section\" data-settings=\"{&quot;jet_parallax_layout_list&quot;:[{&quot;jet_parallax_layout_image&quot;:{&quot;url&quot;:&quot;&quot;,&quot;id&quot;:&quot;&quot;,&quot;size&quot;:&quot;&quot;},&quot;_id&quot;:&quot;801ad54&quot;,&quot;jet_parallax_layout_image_tablet&quot;:{&quot;url&quot;:&quot;&quot;,&quot;id&quot;:&quot;&quot;,&quot;size&quot;:&quot;&quot;},&quot;jet_parallax_layout_image_mobile&quot;:{&quot;url&quot;:&quot;&quot;,&quot;id&quot;:&quot;&quot;,&quot;size&quot;:&quot;&quot;},&quot;jet_parallax_layout_speed&quot;:{&quot;unit&quot;:&quot;%&quot;,&quot;size&quot;:50,&quot;sizes&quot;:[]},&quot;jet_parallax_layout_type&quot;:&quot;scroll&quot;,&quot;jet_parallax_layout_z_index&quot;:&quot;&quot;,&quot;jet_parallax_layout_bg_x&quot;:50,&quot;jet_parallax_layout_bg_y&quot;:50,&quot;jet_parallax_layout_bg_size&quot;:&quot;auto&quot;,&quot;jet_parallax_layout_animation_prop&quot;:&quot;transform&quot;,&quot;jet_parallax_layout_on&quot;:[&quot;desktop&quot;,&quot;tablet&quot;],&quot;jet_parallax_layout_direction&quot;:null,&quot;jet_parallax_layout_fx_direction&quot;:null,&quot;jet_parallax_layout_bg_x_tablet&quot;:&quot;&quot;,&quot;jet_parallax_layout_bg_x_mobile&quot;:&quot;&quot;,&quot;jet_parallax_layout_bg_y_tablet&quot;:&quot;&quot;,&quot;jet_parallax_layout_bg_y_mobile&quot;:&quot;&quot;,&quot;jet_parallax_layout_bg_size_tablet&quot;:&quot;&quot;,&quot;jet_parallax_layout_bg_size_mobile&quot;:&quot;&quot;}]}\">\n\t\t\t\t\t\t<div class=\"elementor-container elementor-column-gap-default\">\n\t\t\t\t\t<div class=\"elementor-column elementor-col-100 elementor-top-column elementor-element elementor-element-ebd247a\" data-id=\"ebd247a\" data-element_type=\"column\">\n\t\t\t<div class=\"elementor-widget-wrap elementor-element-populated\">\n\t\t\t\t\t\t<div class=\"elementor-element elementor-element-c2eae68 elementor-widget elementor-widget-shortcode\" data-id=\"c2eae68\" data-element_type=\"widget\" data-widget_type=\"shortcode.default\">\n\t\t\t\t<div class=\"elementor-widget-container\">\n\t\t\t\t\t<div class=\"elementor-shortcode\">[multi-step-form id=\"1\"]<\/div>\n\t\t\t\t<\/div>\n\t\t\t\t<\/div>\n\t\t\t\t\t<\/div>\n\t\t<\/div>\n\t\t\t\t\t<\/div>\n\t\t<\/section>\n\t\t\t\t<\/div>","protected":false},"excerpt":{"rendered":"<p>[multi-step-form id=&#8221;1&#8243;]<\/p>","protected":false},"author":1,"featured_media":0,"parent":0,"menu_order":0,"comment_status":"closed","ping_status":"closed","template":"","meta":{"footnotes":""},"yoast_head":"<!-- This site is optimized with the Yoast SEO plugin v23.0 - https:\/\/yoast.com\/wordpress\/plugins\/seo\/ -->\n<title>Ankieta - PI-House \u2013 Centrum Bada\u0144 Klinicznych<\/title>\n<meta name=\"robots\" content=\"index, follow, max-snippet:-1, max-image-preview:large, max-video-preview:-1\" \/>\n<link rel=\"canonical\" href=\"https:\/\/pihouse.pl\/en\/ankieta\/\" \/>\n<meta property=\"og:locale\" content=\"en_GB\" \/>\n<meta property=\"og:type\" content=\"article\" \/>\n<meta property=\"og:title\" content=\"Ankieta - PI-House \u2013 Centrum Bada\u0144 Klinicznych\" \/>\n<meta property=\"og:description\" content=\"[multi-step-form id=&#8221;1&#8243;]\" \/>\n<meta property=\"og:url\" content=\"https:\/\/pihouse.pl\/en\/ankieta\/\" \/>\n<meta property=\"og:site_name\" content=\"PI-House \u2013 Centrum Bada\u0144 Klinicznych\" \/>\n<meta property=\"article:modified_time\" content=\"2019-07-24T16:38:26+00:00\" \/>\n<meta name=\"twitter:card\" content=\"summary_large_image\" \/>\n<script type=\"application\/ld+json\" class=\"yoast-schema-graph\">{\"@context\":\"https:\/\/schema.org\",\"@graph\":[{\"@type\":\"WebPage\",\"@id\":\"https:\/\/pihouse.pl\/en\/ankieta\/\",\"url\":\"https:\/\/pihouse.pl\/en\/ankieta\/\",\"name\":\"Ankieta - PI-House \u2013 Centrum Bada\u0144 Klinicznych\",\"isPartOf\":{\"@id\":\"https:\/\/pihouse.pl\/#website\"},\"datePublished\":\"2019-07-24T16:28:07+00:00\",\"dateModified\":\"2019-07-24T16:38:26+00:00\",\"breadcrumb\":{\"@id\":\"https:\/\/pihouse.pl\/en\/ankieta\/#breadcrumb\"},\"inLanguage\":\"en-GB\",\"potentialAction\":[{\"@type\":\"ReadAction\",\"target\":[\"https:\/\/pihouse.pl\/en\/ankieta\/\"]}]},{\"@type\":\"BreadcrumbList\",\"@id\":\"https:\/\/pihouse.pl\/en\/ankieta\/#breadcrumb\",\"itemListElement\":[{\"@type\":\"ListItem\",\"position\":1,\"name\":\"Strona g\u0142\u00f3wna\",\"item\":\"https:\/\/pihouse.pl\/\"},{\"@type\":\"ListItem\",\"position\":2,\"name\":\"Ankieta\"}]},{\"@type\":\"WebSite\",\"@id\":\"https:\/\/pihouse.pl\/#website\",\"url\":\"https:\/\/pihouse.pl\/\",\"name\":\"PI-House \u2013 Centrum Bada\u0144 Klinicznych\",\"description\":\"W okresie naszej dzia\u0142alno\u015bci przeprowadzili\u015bmy wiele bada\u0144 klinicznych. Wci\u0105\u017c zwi\u0119kszamy ilo\u015b\u0107 bada\u0144 oraz liczb\u0119 pacjent\u00f3w.\",\"publisher\":{\"@id\":\"https:\/\/pihouse.pl\/#organization\"},\"potentialAction\":[{\"@type\":\"SearchAction\",\"target\":{\"@type\":\"EntryPoint\",\"urlTemplate\":\"https:\/\/pihouse.pl\/?s={search_term_string}\"},\"query-input\":\"required name=search_term_string\"}],\"inLanguage\":\"en-GB\"},{\"@type\":\"Organization\",\"@id\":\"https:\/\/pihouse.pl\/#organization\",\"name\":\"PI-House \u2013 Centrum Bada\u0144 Klinicznych\",\"url\":\"https:\/\/pihouse.pl\/\",\"logo\":{\"@type\":\"ImageObject\",\"inLanguage\":\"en-GB\",\"@id\":\"https:\/\/pihouse.pl\/#\/schema\/logo\/image\/\",\"url\":\"https:\/\/pihouse.pl\/wp-content\/uploads\/2019\/06\/107x107.png\",\"contentUrl\":\"https:\/\/pihouse.pl\/wp-content\/uploads\/2019\/06\/107x107.png\",\"width\":107,\"height\":107,\"caption\":\"PI-House \u2013 Centrum Bada\u0144 Klinicznych\"},\"image\":{\"@id\":\"https:\/\/pihouse.pl\/#\/schema\/logo\/image\/\"}}]}<\/script>\n<!-- \/ Yoast SEO plugin. -->","yoast_head_json":{"title":"Ankieta - PI-House \u2013 Centrum Bada\u0144 Klinicznych","robots":{"index":"index","follow":"follow","max-snippet":"max-snippet:-1","max-image-preview":"max-image-preview:large","max-video-preview":"max-video-preview:-1"},"canonical":"https:\/\/pihouse.pl\/en\/ankieta\/","og_locale":"en_GB","og_type":"article","og_title":"Ankieta - PI-House \u2013 Centrum Bada\u0144 Klinicznych","og_description":"[multi-step-form id=&#8221;1&#8243;]","og_url":"https:\/\/pihouse.pl\/en\/ankieta\/","og_site_name":"PI-House \u2013 Centrum Bada\u0144 Klinicznych","article_modified_time":"2019-07-24T16:38:26+00:00","twitter_card":"summary_large_image","schema":{"@context":"https:\/\/schema.org","@graph":[{"@type":"WebPage","@id":"https:\/\/pihouse.pl\/en\/ankieta\/","url":"https:\/\/pihouse.pl\/en\/ankieta\/","name":"Ankieta - PI-House \u2013 Centrum Bada\u0144 Klinicznych","isPartOf":{"@id":"https:\/\/pihouse.pl\/#website"},"datePublished":"2019-07-24T16:28:07+00:00","dateModified":"2019-07-24T16:38:26+00:00","breadcrumb":{"@id":"https:\/\/pihouse.pl\/en\/ankieta\/#breadcrumb"},"inLanguage":"en-GB","potentialAction":[{"@type":"ReadAction","target":["https:\/\/pihouse.pl\/en\/ankieta\/"]}]},{"@type":"BreadcrumbList","@id":"https:\/\/pihouse.pl\/en\/ankieta\/#breadcrumb","itemListElement":[{"@type":"ListItem","position":1,"name":"Strona g\u0142\u00f3wna","item":"https:\/\/pihouse.pl\/"},{"@type":"ListItem","position":2,"name":"Ankieta"}]},{"@type":"WebSite","@id":"https:\/\/pihouse.pl\/#website","url":"https:\/\/pihouse.pl\/","name":"PI-House - Clinical Research Center","description":"During our period of activity, we have conducted many clinical studies. We are still increasing the number of tests and the number of patients.","publisher":{"@id":"https:\/\/pihouse.pl\/#organization"},"potentialAction":[{"@type":"SearchAction","target":{"@type":"EntryPoint","urlTemplate":"https:\/\/pihouse.pl\/?s={search_term_string}"},"query-input":"required name=search_term_string"}],"inLanguage":"en-GB"},{"@type":"Organization","@id":"https:\/\/pihouse.pl\/#organization","name":"PI-House - Clinical Research Center","url":"https:\/\/pihouse.pl\/","logo":{"@type":"ImageObject","inLanguage":"en-GB","@id":"https:\/\/pihouse.pl\/#\/schema\/logo\/image\/","url":"https:\/\/pihouse.pl\/wp-content\/uploads\/2019\/06\/107x107.png","contentUrl":"https:\/\/pihouse.pl\/wp-content\/uploads\/2019\/06\/107x107.png","width":107,"height":107,"caption":"PI-House \u2013 Centrum Bada\u0144 Klinicznych"},"image":{"@id":"https:\/\/pihouse.pl\/#\/schema\/logo\/image\/"}}]}},"_links":{"self":[{"href":"https:\/\/pihouse.pl\/en\/wp-json\/wp\/v2\/pages\/534"}],"collection":[{"href":"https:\/\/pihouse.pl\/en\/wp-json\/wp\/v2\/pages"}],"about":[{"href":"https:\/\/pihouse.pl\/en\/wp-json\/wp\/v2\/types\/page"}],"author":[{"embeddable":true,"href":"https:\/\/pihouse.pl\/en\/wp-json\/wp\/v2\/users\/1"}],"replies":[{"embeddable":true,"href":"https:\/\/pihouse.pl\/en\/wp-json\/wp\/v2\/comments?post=534"}],"version-history":[{"count":0,"href":"https:\/\/pihouse.pl\/en\/wp-json\/wp\/v2\/pages\/534\/revisions"}],"wp:attachment":[{"href":"https:\/\/pihouse.pl\/en\/wp-json\/wp\/v2\/media?parent=534"}],"curies":[{"name":"wp","href":"https:\/\/api.w.org\/{rel}","templated":true}]}}