{"id":1670,"date":"2020-03-17T13:26:48","date_gmt":"2020-03-17T12:26:48","guid":{"rendered":"http:\/\/pihouse.pl\/?page_id=1670"},"modified":"2020-03-24T12:08:50","modified_gmt":"2020-03-24T11:08:50","slug":"info-sars-cov-2","status":"publish","type":"page","link":"https:\/\/pihouse.pl\/en\/info-sars-cov-2\/","title":{"rendered":"Info SARS COV-2"},"content":{"rendered":"<div data-elementor-type=\"wp-post\" data-elementor-id=\"1670\" class=\"elementor elementor-1670\" data-elementor-post-type=\"page\">\n\t\t\t\t\t\t<section class=\"elementor-section elementor-top-section elementor-element elementor-element-985ee4c elementor-section-stretched elementor-section-height-min-height elementor-section-content-top elementor-section-boxed elementor-section-height-default elementor-section-items-middle\" data-id=\"985ee4c\" data-element_type=\"section\" data-settings=\"{&quot;stretch_section&quot;:&quot;section-stretched&quot;,&quot;jet_parallax_layout_list&quot;:[{&quot;jet_parallax_layout_image&quot;:{&quot;url&quot;:&quot;&quot;,&quot;id&quot;:&quot;&quot;,&quot;size&quot;:&quot;&quot;},&quot;_id&quot;:&quot;3e47ee2&quot;,&quot;jet_parallax_layout_image_tablet&quot;:{&quot;url&quot;:&quot;&quot;,&quot;id&quot;:&quot;&quot;,&quot;size&quot;:&quot;&quot;},&quot;jet_parallax_layout_image_mobile&quot;:{&quot;url&quot;:&quot;&quot;,&quot;id&quot;:&quot;&quot;,&quot;size&quot;:&quot;&quot;},&quot;jet_parallax_layout_speed&quot;:{&quot;unit&quot;:&quot;%&quot;,&quot;size&quot;:50,&quot;sizes&quot;:[]},&quot;jet_parallax_layout_type&quot;:&quot;scroll&quot;,&quot;jet_parallax_layout_z_index&quot;:&quot;&quot;,&quot;jet_parallax_layout_bg_x&quot;:50,&quot;jet_parallax_layout_bg_y&quot;:50,&quot;jet_parallax_layout_bg_size&quot;:&quot;auto&quot;,&quot;jet_parallax_layout_animation_prop&quot;:&quot;transform&quot;,&quot;jet_parallax_layout_on&quot;:[&quot;desktop&quot;,&quot;tablet&quot;],&quot;jet_parallax_layout_direction&quot;:null,&quot;jet_parallax_layout_fx_direction&quot;:null,&quot;jet_parallax_layout_bg_x_tablet&quot;:&quot;&quot;,&quot;jet_parallax_layout_bg_x_mobile&quot;:&quot;&quot;,&quot;jet_parallax_layout_bg_y_tablet&quot;:&quot;&quot;,&quot;jet_parallax_layout_bg_y_mobile&quot;:&quot;&quot;,&quot;jet_parallax_layout_bg_size_tablet&quot;:&quot;&quot;,&quot;jet_parallax_layout_bg_size_mobile&quot;:&quot;&quot;}],&quot;background_background&quot;:&quot;classic&quot;,&quot;shape_divider_bottom&quot;:&quot;opacity-fan&quot;}\">\n\t\t\t\t\t\t\t<div class=\"elementor-background-overlay\"><\/div>\n\t\t\t\t\t\t<div class=\"elementor-shape elementor-shape-bottom\" data-negative=\"false\">\n\t\t\t<svg xmlns=\"http:\/\/www.w3.org\/2000\/svg\" viewbox=\"0 0 283.5 19.6\" preserveaspectratio=\"none\">\n\t<path class=\"elementor-shape-fill\" style=\"opacity:0.33\" d=\"M0 0L0 18.8 141.8 4.1 283.5 18.8 283.5 0z\"\/>\n\t<path class=\"elementor-shape-fill\" style=\"opacity:0.33\" d=\"M0 0L0 12.6 141.8 4 283.5 12.6 283.5 0z\"\/>\n\t<path class=\"elementor-shape-fill\" style=\"opacity:0.33\" d=\"M0 0L0 6.4 141.8 4 283.5 6.4 283.5 0z\"\/>\n\t<path class=\"elementor-shape-fill\" d=\"M0 0L0 1.2 141.8 4 283.5 1.2 283.5 0z\"\/>\n<\/svg>\t\t<\/div>\n\t\t\t\t\t<div class=\"elementor-container elementor-column-gap-default\">\n\t\t\t\t\t<div class=\"elementor-column elementor-col-100 elementor-top-column elementor-element elementor-element-cb3a020\" data-id=\"cb3a020\" data-element_type=\"column\">\n\t\t\t<div class=\"elementor-widget-wrap elementor-element-populated\">\n\t\t\t\t\t\t<div class=\"elementor-element elementor-element-a23463e elementor-invisible elementor-widget elementor-widget-heading\" data-id=\"a23463e\" data-element_type=\"widget\" data-settings=\"{&quot;_animation&quot;:&quot;fadeInUp&quot;}\" data-widget_type=\"heading.default\">\n\t\t\t\t<div class=\"elementor-widget-container\">\n\t\t\t<h2 class=\"elementor-heading-title elementor-size-default\">Message regarding\n <strong>SARS COV-2<\/strong><\/h2>\t\t<\/div>\n\t\t\t\t<\/div>\n\t\t\t\t\t<\/div>\n\t\t<\/div>\n\t\t\t\t\t<\/div>\n\t\t<\/section>\n\t\t\t\t<section class=\"elementor-section elementor-top-section elementor-element elementor-element-280ded2 elementor-section-stretched elementor-section-boxed elementor-section-height-default elementor-section-height-default\" data-id=\"280ded2\" data-element_type=\"section\" data-settings=\"{&quot;stretch_section&quot;:&quot;section-stretched&quot;,&quot;jet_parallax_layout_list&quot;:[{&quot;jet_parallax_layout_image&quot;:{&quot;url&quot;:&quot;&quot;,&quot;id&quot;:&quot;&quot;,&quot;size&quot;:&quot;&quot;},&quot;_id&quot;:&quot;ce2d433&quot;,&quot;jet_parallax_layout_image_tablet&quot;:{&quot;url&quot;:&quot;&quot;,&quot;id&quot;:&quot;&quot;,&quot;size&quot;:&quot;&quot;},&quot;jet_parallax_layout_image_mobile&quot;:{&quot;url&quot;:&quot;&quot;,&quot;id&quot;:&quot;&quot;,&quot;size&quot;:&quot;&quot;},&quot;jet_parallax_layout_speed&quot;:{&quot;unit&quot;:&quot;%&quot;,&quot;size&quot;:50,&quot;sizes&quot;:[]},&quot;jet_parallax_layout_type&quot;:&quot;scroll&quot;,&quot;jet_parallax_layout_z_index&quot;:&quot;&quot;,&quot;jet_parallax_layout_bg_x&quot;:50,&quot;jet_parallax_layout_bg_y&quot;:50,&quot;jet_parallax_layout_bg_size&quot;:&quot;auto&quot;,&quot;jet_parallax_layout_animation_prop&quot;:&quot;transform&quot;,&quot;jet_parallax_layout_on&quot;:[&quot;desktop&quot;,&quot;tablet&quot;],&quot;jet_parallax_layout_direction&quot;:null,&quot;jet_parallax_layout_fx_direction&quot;:null,&quot;jet_parallax_layout_bg_x_tablet&quot;:&quot;&quot;,&quot;jet_parallax_layout_bg_x_mobile&quot;:&quot;&quot;,&quot;jet_parallax_layout_bg_y_tablet&quot;:&quot;&quot;,&quot;jet_parallax_layout_bg_y_mobile&quot;:&quot;&quot;,&quot;jet_parallax_layout_bg_size_tablet&quot;:&quot;&quot;,&quot;jet_parallax_layout_bg_size_mobile&quot;:&quot;&quot;}],&quot;background_background&quot;:&quot;classic&quot;}\">\n\t\t\t\t\t\t<div class=\"elementor-container elementor-column-gap-default\">\n\t\t\t\t\t<div class=\"elementor-column elementor-col-100 elementor-top-column elementor-element elementor-element-d133c60\" data-id=\"d133c60\" data-element_type=\"column\">\n\t\t\t<div class=\"elementor-widget-wrap elementor-element-populated\">\n\t\t\t\t\t\t<div class=\"elementor-element elementor-element-ff51ffd elementor-widget elementor-widget-text-editor\" data-id=\"ff51ffd\" data-element_type=\"widget\" data-widget_type=\"text-editor.default\">\n\t\t\t\t<div class=\"elementor-widget-container\">\n\t\t\t\t\t\t\t<p>General recommendations - to protect against coronavirus infection:<\/p><ul><li>Wash your hands very regularly for at least 20 seconds with soap and water, then dry your hands thoroughly.<\/li><li>Avoid touching your face.<\/li><li>Use disposable tissues.<\/li><li>Use a mask - it prevents infection of others and limits touching your face, which reduces the possibility of self-infection.<\/li><li>Keep a safe distance from other people, especially for people who seem sick, e.g. coughing or sneezing.<\/li><li>Avoid handshakes and hugs with others.<\/li><li>Try to avoid public transport and large groups of people.<\/li><li>Disinfect the items you use most often (phone, wallet, keys etc.)<\/li><\/ul><p>The PI-House Clinical Research Center reports that some people may be at increased risk of having a SARS COV-2 coronavirus infection.<\/p><p>Based on previous knowledge; there are people:<\/p><ol><li>with high hypertension<\/li><li>older, especially over 65 years old<\/li><li>suffering from asthma or (COPD) or sarcoidosis - a pulmonary form<\/li><li>taking medications that lower immunity<\/li><li>suffering from diseases impairing the immune system, including: unregulated diabetes, obesity<\/li><\/ol><p><em>Risk assessment should be carried out individually for each person. <\/em><\/p><p><strong>\u00a0<\/strong><\/p><p><strong>Additional information for outpatient patients:<\/strong><\/p><p>CBK PI-House has implemented all procedures to minimize the risk of infection, however, if someone wishes - visits can be made by phone.<\/p><p>Prescriptions, exemptions and other forms, e.g. certificates, referrals; will be sent by email or traditional mail.<\/p><p>Each of you, regardless of the level of risk, has the right to change the nature of the visit.<\/p><p>The above does not apply to patients Dr. \u0141ukaszewicz, who performs only telephone visits.<\/p><p><strong>Additional information for clinical trial participants:<\/strong><\/p><p>Risk assessment should be carried out individually for each person. The researcher leading you in the clinical trial will carry out risk assessment on an ongoing basis, then decide on the nature of further participation in the study.<\/p><p>In CBK PI-House all procedures have been implemented to minimize the risk of infection, but in the clinical trial visits are possible: by phone, at home, delivery of medicines at home.<\/p><p>Blood donations will take place individually without contact with other test participants, CBK PI-House staff undergo daily health tests, contact the test participants only after disinfection and in protective masks. CBK PI-House guarantees access to the necessary visits to the resort only by taxi, one-man rides, taxi drivers are examined by CBK PI-House staff.<\/p>\t\t\t\t\t\t<\/div>\n\t\t\t\t<\/div>\n\t\t\t\t\t<\/div>\n\t\t<\/div>\n\t\t\t\t\t<\/div>\n\t\t<\/section>\n\t\t\t\t<\/div>","protected":false},"excerpt":{"rendered":"<p>Komunikat dotycz\u0105cy SARS COV-2 Zalecenia og\u00f3lne \u2013 w celu ochrony przed zaka\u017ceniem koronawirusem: Bardzo regularnie myj r\u0119ce przez co najmniej 20 sekund za pomoc\u0105 myd\u0142a i wody, nast\u0119pnie dok\u0142adnie osusz r\u0119ce. Unikaj dotykania twarzy. U\u017cywaj jednorazowych chusteczek higienicznych. U\u017cywaj maseczki \u2013 zapobiega zaka\u017ceniu innych oraz ogranicza dotykanie Twojej twarzy, co zmniejsza mo\u017cliwo\u015b\u0107 zaka\u017cenia samego siebie. [&hellip;]<\/p>","protected":false},"author":1,"featured_media":0,"parent":0,"menu_order":0,"comment_status":"closed","ping_status":"closed","template":"","meta":{"footnotes":""},"yoast_head":"<!-- This site is optimized with the Yoast SEO plugin v23.0 - https:\/\/yoast.com\/wordpress\/plugins\/seo\/ -->\n<title>Info SARS COV-2 - PI-House \u2013 Centrum Bada\u0144 Klinicznych<\/title>\n<meta name=\"robots\" content=\"index, follow, max-snippet:-1, max-image-preview:large, max-video-preview:-1\" \/>\n<link rel=\"canonical\" href=\"https:\/\/pihouse.pl\/en\/info-sars-cov-2\/\" \/>\n<meta property=\"og:locale\" content=\"en_GB\" \/>\n<meta property=\"og:type\" content=\"article\" \/>\n<meta property=\"og:title\" content=\"Info SARS COV-2 - PI-House \u2013 Centrum Bada\u0144 Klinicznych\" \/>\n<meta property=\"og:description\" content=\"Komunikat dotycz\u0105cy SARS COV-2 Zalecenia og\u00f3lne \u2013 w celu ochrony przed zaka\u017ceniem koronawirusem: Bardzo regularnie myj r\u0119ce przez co najmniej 20 sekund za pomoc\u0105 myd\u0142a i wody, nast\u0119pnie dok\u0142adnie osusz r\u0119ce. Unikaj dotykania twarzy. U\u017cywaj jednorazowych chusteczek higienicznych. U\u017cywaj maseczki \u2013 zapobiega zaka\u017ceniu innych oraz ogranicza dotykanie Twojej twarzy, co zmniejsza mo\u017cliwo\u015b\u0107 zaka\u017cenia samego siebie. [&hellip;]\" \/>\n<meta property=\"og:url\" content=\"https:\/\/pihouse.pl\/en\/info-sars-cov-2\/\" \/>\n<meta property=\"og:site_name\" content=\"PI-House \u2013 Centrum Bada\u0144 Klinicznych\" \/>\n<meta property=\"article:modified_time\" content=\"2020-03-24T11:08:50+00:00\" \/>\n<meta name=\"twitter:card\" content=\"summary_large_image\" \/>\n<meta name=\"twitter:label1\" content=\"Estimated reading time\" \/>\n\t<meta name=\"twitter:data1\" content=\"2 minutes\" \/>\n<script type=\"application\/ld+json\" class=\"yoast-schema-graph\">{\"@context\":\"https:\/\/schema.org\",\"@graph\":[{\"@type\":\"WebPage\",\"@id\":\"https:\/\/pihouse.pl\/info-sars-cov-2\/\",\"url\":\"https:\/\/pihouse.pl\/info-sars-cov-2\/\",\"name\":\"Info SARS COV-2 - PI-House \u2013 Centrum Bada\u0144 Klinicznych\",\"isPartOf\":{\"@id\":\"https:\/\/pihouse.pl\/#website\"},\"datePublished\":\"2020-03-17T12:26:48+00:00\",\"dateModified\":\"2020-03-24T11:08:50+00:00\",\"breadcrumb\":{\"@id\":\"https:\/\/pihouse.pl\/info-sars-cov-2\/#breadcrumb\"},\"inLanguage\":\"en-GB\",\"potentialAction\":[{\"@type\":\"ReadAction\",\"target\":[\"https:\/\/pihouse.pl\/info-sars-cov-2\/\"]}]},{\"@type\":\"BreadcrumbList\",\"@id\":\"https:\/\/pihouse.pl\/info-sars-cov-2\/#breadcrumb\",\"itemListElement\":[{\"@type\":\"ListItem\",\"position\":1,\"name\":\"Strona g\u0142\u00f3wna\",\"item\":\"https:\/\/pihouse.pl\/\"},{\"@type\":\"ListItem\",\"position\":2,\"name\":\"Info SARS COV-2\"}]},{\"@type\":\"WebSite\",\"@id\":\"https:\/\/pihouse.pl\/#website\",\"url\":\"https:\/\/pihouse.pl\/\",\"name\":\"PI-House \u2013 Centrum Bada\u0144 Klinicznych\",\"description\":\"W okresie naszej dzia\u0142alno\u015bci przeprowadzili\u015bmy wiele bada\u0144 klinicznych. Wci\u0105\u017c zwi\u0119kszamy ilo\u015b\u0107 bada\u0144 oraz liczb\u0119 pacjent\u00f3w.\",\"publisher\":{\"@id\":\"https:\/\/pihouse.pl\/#organization\"},\"potentialAction\":[{\"@type\":\"SearchAction\",\"target\":{\"@type\":\"EntryPoint\",\"urlTemplate\":\"https:\/\/pihouse.pl\/?s={search_term_string}\"},\"query-input\":\"required name=search_term_string\"}],\"inLanguage\":\"en-GB\"},{\"@type\":\"Organization\",\"@id\":\"https:\/\/pihouse.pl\/#organization\",\"name\":\"PI-House \u2013 Centrum Bada\u0144 Klinicznych\",\"url\":\"https:\/\/pihouse.pl\/\",\"logo\":{\"@type\":\"ImageObject\",\"inLanguage\":\"en-GB\",\"@id\":\"https:\/\/pihouse.pl\/#\/schema\/logo\/image\/\",\"url\":\"https:\/\/pihouse.pl\/wp-content\/uploads\/2019\/06\/107x107.png\",\"contentUrl\":\"https:\/\/pihouse.pl\/wp-content\/uploads\/2019\/06\/107x107.png\",\"width\":107,\"height\":107,\"caption\":\"PI-House \u2013 Centrum Bada\u0144 Klinicznych\"},\"image\":{\"@id\":\"https:\/\/pihouse.pl\/#\/schema\/logo\/image\/\"}}]}<\/script>\n<!-- \/ Yoast SEO plugin. -->","yoast_head_json":{"title":"Info SARS COV-2 - PI-House \u2013 Centrum Bada\u0144 Klinicznych","robots":{"index":"index","follow":"follow","max-snippet":"max-snippet:-1","max-image-preview":"max-image-preview:large","max-video-preview":"max-video-preview:-1"},"canonical":"https:\/\/pihouse.pl\/en\/info-sars-cov-2\/","og_locale":"en_GB","og_type":"article","og_title":"Info SARS COV-2 - PI-House \u2013 Centrum Bada\u0144 Klinicznych","og_description":"Komunikat dotycz\u0105cy SARS COV-2 Zalecenia og\u00f3lne \u2013 w celu ochrony przed zaka\u017ceniem koronawirusem: Bardzo regularnie myj r\u0119ce przez co najmniej 20 sekund za pomoc\u0105 myd\u0142a i wody, nast\u0119pnie dok\u0142adnie osusz r\u0119ce. Unikaj dotykania twarzy. U\u017cywaj jednorazowych chusteczek higienicznych. U\u017cywaj maseczki \u2013 zapobiega zaka\u017ceniu innych oraz ogranicza dotykanie Twojej twarzy, co zmniejsza mo\u017cliwo\u015b\u0107 zaka\u017cenia samego siebie. [&hellip;]","og_url":"https:\/\/pihouse.pl\/en\/info-sars-cov-2\/","og_site_name":"PI-House \u2013 Centrum Bada\u0144 Klinicznych","article_modified_time":"2020-03-24T11:08:50+00:00","twitter_card":"summary_large_image","twitter_misc":{"Estimated reading time":"2 minutes"},"schema":{"@context":"https:\/\/schema.org","@graph":[{"@type":"WebPage","@id":"https:\/\/pihouse.pl\/info-sars-cov-2\/","url":"https:\/\/pihouse.pl\/info-sars-cov-2\/","name":"Info SARS COV-2 - PI-House \u2013 Centrum Bada\u0144 Klinicznych","isPartOf":{"@id":"https:\/\/pihouse.pl\/#website"},"datePublished":"2020-03-17T12:26:48+00:00","dateModified":"2020-03-24T11:08:50+00:00","breadcrumb":{"@id":"https:\/\/pihouse.pl\/info-sars-cov-2\/#breadcrumb"},"inLanguage":"en-GB","potentialAction":[{"@type":"ReadAction","target":["https:\/\/pihouse.pl\/info-sars-cov-2\/"]}]},{"@type":"BreadcrumbList","@id":"https:\/\/pihouse.pl\/info-sars-cov-2\/#breadcrumb","itemListElement":[{"@type":"ListItem","position":1,"name":"Strona g\u0142\u00f3wna","item":"https:\/\/pihouse.pl\/"},{"@type":"ListItem","position":2,"name":"Info SARS COV-2"}]},{"@type":"WebSite","@id":"https:\/\/pihouse.pl\/#website","url":"https:\/\/pihouse.pl\/","name":"PI-House - Clinical Research Center","description":"During our period of activity, we have conducted many clinical studies. We are still increasing the number of tests and the number of patients.","publisher":{"@id":"https:\/\/pihouse.pl\/#organization"},"potentialAction":[{"@type":"SearchAction","target":{"@type":"EntryPoint","urlTemplate":"https:\/\/pihouse.pl\/?s={search_term_string}"},"query-input":"required name=search_term_string"}],"inLanguage":"en-GB"},{"@type":"Organization","@id":"https:\/\/pihouse.pl\/#organization","name":"PI-House - Clinical Research Center","url":"https:\/\/pihouse.pl\/","logo":{"@type":"ImageObject","inLanguage":"en-GB","@id":"https:\/\/pihouse.pl\/#\/schema\/logo\/image\/","url":"https:\/\/pihouse.pl\/wp-content\/uploads\/2019\/06\/107x107.png","contentUrl":"https:\/\/pihouse.pl\/wp-content\/uploads\/2019\/06\/107x107.png","width":107,"height":107,"caption":"PI-House \u2013 Centrum Bada\u0144 Klinicznych"},"image":{"@id":"https:\/\/pihouse.pl\/#\/schema\/logo\/image\/"}}]}},"_links":{"self":[{"href":"https:\/\/pihouse.pl\/en\/wp-json\/wp\/v2\/pages\/1670"}],"collection":[{"href":"https:\/\/pihouse.pl\/en\/wp-json\/wp\/v2\/pages"}],"about":[{"href":"https:\/\/pihouse.pl\/en\/wp-json\/wp\/v2\/types\/page"}],"author":[{"embeddable":true,"href":"https:\/\/pihouse.pl\/en\/wp-json\/wp\/v2\/users\/1"}],"replies":[{"embeddable":true,"href":"https:\/\/pihouse.pl\/en\/wp-json\/wp\/v2\/comments?post=1670"}],"version-history":[{"count":0,"href":"https:\/\/pihouse.pl\/en\/wp-json\/wp\/v2\/pages\/1670\/revisions"}],"wp:attachment":[{"href":"https:\/\/pihouse.pl\/en\/wp-json\/wp\/v2\/media?parent=1670"}],"curies":[{"name":"wp","href":"https:\/\/api.w.org\/{rel}","templated":true}]}}