{"id":1499,"date":"2019-11-02T10:43:48","date_gmt":"2019-11-02T09:43:48","guid":{"rendered":"http:\/\/pihouse.pl\/?page_id=1499"},"modified":"2025-05-12T14:00:51","modified_gmt":"2025-05-12T12:00:51","slug":"ochrona_danych","status":"publish","type":"page","link":"https:\/\/pihouse.pl\/en\/ochrona_danych\/","title":{"rendered":"Data protection"},"content":{"rendered":"<div data-elementor-type=\"wp-post\" data-elementor-id=\"1499\" class=\"elementor elementor-1499\" data-elementor-post-type=\"page\">\n\t\t\t\t\t\t<section class=\"elementor-section elementor-top-section elementor-element elementor-element-6a79d335 elementor-section-stretched elementor-section-height-min-height elementor-section-content-top elementor-section-boxed elementor-section-height-default elementor-section-items-middle\" data-id=\"6a79d335\" data-element_type=\"section\" data-settings=\"{&quot;stretch_section&quot;:&quot;section-stretched&quot;,&quot;jet_parallax_layout_list&quot;:[{&quot;jet_parallax_layout_image&quot;:{&quot;url&quot;:&quot;&quot;,&quot;id&quot;:&quot;&quot;,&quot;size&quot;:&quot;&quot;},&quot;_id&quot;:&quot;3e47ee2&quot;,&quot;jet_parallax_layout_image_tablet&quot;:{&quot;url&quot;:&quot;&quot;,&quot;id&quot;:&quot;&quot;,&quot;size&quot;:&quot;&quot;},&quot;jet_parallax_layout_image_mobile&quot;:{&quot;url&quot;:&quot;&quot;,&quot;id&quot;:&quot;&quot;,&quot;size&quot;:&quot;&quot;},&quot;jet_parallax_layout_speed&quot;:{&quot;unit&quot;:&quot;%&quot;,&quot;size&quot;:50,&quot;sizes&quot;:[]},&quot;jet_parallax_layout_type&quot;:&quot;scroll&quot;,&quot;jet_parallax_layout_direction&quot;:null,&quot;jet_parallax_layout_fx_direction&quot;:null,&quot;jet_parallax_layout_z_index&quot;:&quot;&quot;,&quot;jet_parallax_layout_bg_x&quot;:50,&quot;jet_parallax_layout_bg_x_tablet&quot;:&quot;&quot;,&quot;jet_parallax_layout_bg_x_mobile&quot;:&quot;&quot;,&quot;jet_parallax_layout_bg_y&quot;:50,&quot;jet_parallax_layout_bg_y_tablet&quot;:&quot;&quot;,&quot;jet_parallax_layout_bg_y_mobile&quot;:&quot;&quot;,&quot;jet_parallax_layout_bg_size&quot;:&quot;auto&quot;,&quot;jet_parallax_layout_bg_size_tablet&quot;:&quot;&quot;,&quot;jet_parallax_layout_bg_size_mobile&quot;:&quot;&quot;,&quot;jet_parallax_layout_animation_prop&quot;:&quot;transform&quot;,&quot;jet_parallax_layout_on&quot;:[&quot;desktop&quot;,&quot;tablet&quot;]}],&quot;background_background&quot;:&quot;classic&quot;,&quot;shape_divider_bottom&quot;:&quot;opacity-fan&quot;}\">\n\t\t\t\t\t\t\t<div class=\"elementor-background-overlay\"><\/div>\n\t\t\t\t\t\t<div class=\"elementor-shape elementor-shape-bottom\" data-negative=\"false\">\n\t\t\t<svg xmlns=\"http:\/\/www.w3.org\/2000\/svg\" viewbox=\"0 0 283.5 19.6\" preserveaspectratio=\"none\">\n\t<path class=\"elementor-shape-fill\" style=\"opacity:0.33\" d=\"M0 0L0 18.8 141.8 4.1 283.5 18.8 283.5 0z\"\/>\n\t<path class=\"elementor-shape-fill\" style=\"opacity:0.33\" d=\"M0 0L0 12.6 141.8 4 283.5 12.6 283.5 0z\"\/>\n\t<path class=\"elementor-shape-fill\" style=\"opacity:0.33\" d=\"M0 0L0 6.4 141.8 4 283.5 6.4 283.5 0z\"\/>\n\t<path class=\"elementor-shape-fill\" d=\"M0 0L0 1.2 141.8 4 283.5 1.2 283.5 0z\"\/>\n<\/svg>\t\t<\/div>\n\t\t\t\t\t<div class=\"elementor-container elementor-column-gap-default\">\n\t\t\t\t\t<div class=\"elementor-column elementor-col-100 elementor-top-column elementor-element elementor-element-16030d59\" data-id=\"16030d59\" data-element_type=\"column\">\n\t\t\t<div class=\"elementor-widget-wrap\">\n\t\t\t\t\t\t\t<\/div>\n\t\t<\/div>\n\t\t\t\t\t<\/div>\n\t\t<\/section>\n\t\t\t\t<section class=\"elementor-section elementor-top-section elementor-element elementor-element-9bcd05e elementor-section-stretched elementor-section-boxed elementor-section-height-default elementor-section-height-default\" data-id=\"9bcd05e\" data-element_type=\"section\" data-settings=\"{&quot;stretch_section&quot;:&quot;section-stretched&quot;,&quot;background_background&quot;:&quot;classic&quot;,&quot;jet_parallax_layout_list&quot;:[{&quot;jet_parallax_layout_image&quot;:{&quot;url&quot;:&quot;&quot;,&quot;id&quot;:&quot;&quot;,&quot;size&quot;:&quot;&quot;},&quot;_id&quot;:&quot;e590e34&quot;,&quot;jet_parallax_layout_image_tablet&quot;:{&quot;url&quot;:&quot;&quot;,&quot;id&quot;:&quot;&quot;,&quot;size&quot;:&quot;&quot;},&quot;jet_parallax_layout_image_mobile&quot;:{&quot;url&quot;:&quot;&quot;,&quot;id&quot;:&quot;&quot;,&quot;size&quot;:&quot;&quot;},&quot;jet_parallax_layout_speed&quot;:{&quot;unit&quot;:&quot;%&quot;,&quot;size&quot;:50,&quot;sizes&quot;:[]},&quot;jet_parallax_layout_type&quot;:&quot;scroll&quot;,&quot;jet_parallax_layout_direction&quot;:null,&quot;jet_parallax_layout_fx_direction&quot;:null,&quot;jet_parallax_layout_z_index&quot;:&quot;&quot;,&quot;jet_parallax_layout_bg_x&quot;:50,&quot;jet_parallax_layout_bg_x_tablet&quot;:&quot;&quot;,&quot;jet_parallax_layout_bg_x_mobile&quot;:&quot;&quot;,&quot;jet_parallax_layout_bg_y&quot;:50,&quot;jet_parallax_layout_bg_y_tablet&quot;:&quot;&quot;,&quot;jet_parallax_layout_bg_y_mobile&quot;:&quot;&quot;,&quot;jet_parallax_layout_bg_size&quot;:&quot;auto&quot;,&quot;jet_parallax_layout_bg_size_tablet&quot;:&quot;&quot;,&quot;jet_parallax_layout_bg_size_mobile&quot;:&quot;&quot;,&quot;jet_parallax_layout_animation_prop&quot;:&quot;transform&quot;,&quot;jet_parallax_layout_on&quot;:[&quot;desktop&quot;,&quot;tablet&quot;]}]}\">\n\t\t\t\t\t\t<div class=\"elementor-container elementor-column-gap-default\">\n\t\t\t\t\t<div class=\"elementor-column elementor-col-100 elementor-top-column elementor-element elementor-element-6da01d1\" data-id=\"6da01d1\" data-element_type=\"column\">\n\t\t\t<div class=\"elementor-widget-wrap elementor-element-populated\">\n\t\t\t\t\t\t<div class=\"elementor-element elementor-element-1cceb3e elementor-invisible elementor-widget elementor-widget-heading\" data-id=\"1cceb3e\" data-element_type=\"widget\" data-settings=\"{&quot;_animation&quot;:&quot;fadeInUp&quot;}\" data-widget_type=\"heading.default\">\n\t\t\t\t<div class=\"elementor-widget-container\">\n\t\t\t<h2 class=\"elementor-heading-title elementor-size-default\">Protection <strong>Personal Data<\/strong><\/h2>\t\t<\/div>\n\t\t\t\t<\/div>\n\t\t\t\t\t<\/div>\n\t\t<\/div>\n\t\t\t\t\t<\/div>\n\t\t<\/section>\n\t\t\t\t<section class=\"elementor-section elementor-top-section elementor-element elementor-element-96d96ba elementor-section-boxed elementor-section-height-default elementor-section-height-default\" data-id=\"96d96ba\" data-element_type=\"section\" data-settings=\"{&quot;jet_parallax_layout_list&quot;:[{&quot;jet_parallax_layout_image&quot;:{&quot;url&quot;:&quot;&quot;,&quot;id&quot;:&quot;&quot;,&quot;size&quot;:&quot;&quot;},&quot;_id&quot;:&quot;38e81de&quot;,&quot;jet_parallax_layout_image_tablet&quot;:{&quot;url&quot;:&quot;&quot;,&quot;id&quot;:&quot;&quot;,&quot;size&quot;:&quot;&quot;},&quot;jet_parallax_layout_image_mobile&quot;:{&quot;url&quot;:&quot;&quot;,&quot;id&quot;:&quot;&quot;,&quot;size&quot;:&quot;&quot;},&quot;jet_parallax_layout_speed&quot;:{&quot;unit&quot;:&quot;%&quot;,&quot;size&quot;:50,&quot;sizes&quot;:[]},&quot;jet_parallax_layout_type&quot;:&quot;scroll&quot;,&quot;jet_parallax_layout_direction&quot;:null,&quot;jet_parallax_layout_fx_direction&quot;:null,&quot;jet_parallax_layout_z_index&quot;:&quot;&quot;,&quot;jet_parallax_layout_bg_x&quot;:50,&quot;jet_parallax_layout_bg_x_tablet&quot;:&quot;&quot;,&quot;jet_parallax_layout_bg_x_mobile&quot;:&quot;&quot;,&quot;jet_parallax_layout_bg_y&quot;:50,&quot;jet_parallax_layout_bg_y_tablet&quot;:&quot;&quot;,&quot;jet_parallax_layout_bg_y_mobile&quot;:&quot;&quot;,&quot;jet_parallax_layout_bg_size&quot;:&quot;auto&quot;,&quot;jet_parallax_layout_bg_size_tablet&quot;:&quot;&quot;,&quot;jet_parallax_layout_bg_size_mobile&quot;:&quot;&quot;,&quot;jet_parallax_layout_animation_prop&quot;:&quot;transform&quot;,&quot;jet_parallax_layout_on&quot;:[&quot;desktop&quot;,&quot;tablet&quot;]}]}\">\n\t\t\t\t\t\t<div class=\"elementor-container elementor-column-gap-default\">\n\t\t\t\t\t<div class=\"elementor-column elementor-col-100 elementor-top-column elementor-element elementor-element-4df80a8\" data-id=\"4df80a8\" data-element_type=\"column\">\n\t\t\t<div class=\"elementor-widget-wrap elementor-element-populated\">\n\t\t\t\t\t\t<div class=\"elementor-element elementor-element-629d627 elementor-widget elementor-widget-text-editor\" data-id=\"629d627\" data-element_type=\"widget\" data-widget_type=\"text-editor.default\">\n\t\t\t\t<div class=\"elementor-widget-container\">\n\t\t\t\t\t\t\t<div class=\"col-lg-4 col-sm-4 col-md-4 col-xs-12 dlaczego-bg text-center\">\n<header class=\"entry-header\">\n<h1 class=\"entry-title\"><strong style=\"font-size: 16px;\">Personal Data Administrator<\/strong><span style=\"font-size: 16px;\">&nbsp;is&nbsp;<\/span><strong style=\"font-size: 16px;\">Centrum Bada\u0144 Klinicznych PI-House Sp. z o. o<\/strong><span style=\"font-size: 16px;\">&nbsp;with its registered office in Gda\u0144sk (80-546), ul. Na Zaspa 3, registered in the Gda\u0144sk-P\u00f3\u0142noc District Court in Gda\u0144sk, VII Commercial Department of the National Court Register under the number KRS: 0000394618, NIP: 9571059089.<\/span><\/h1>\n<\/header>\n<div class=\"entry-content\">\n<p>Please be advised that the Data Administrator has appointed the Personal Data Protection Inspector - Jakub Szewczuk. You have the right to contact the Data Protection Officer directly using the email address:&nbsp;<a href=\"mailto:iod@pihouse.pl\">iod@pihouse.pl<\/a>.<\/p>\n<p>If voluntary consents are given, the data will be processed for the purpose of marketing activities (traditional marketing) and for receiving commercial information on clinical trials via electronic communication means (email, sms, mms), as well as for the use of end devices which You use (email, telephone, messengers) for the purpose of direct marketing - legal basis Regulation (EU) 2016\/679 of the European Parliament and of the Council of 27 April 2016. Art. 6 para. 1a.<\/p>\n<p>If you contact us regarding billing matters or to establish business contact, your data will be processed in order to take action before entering into cooperation and later to implement it -&nbsp;<em>legal basis Regulation (EU) 2016\/679 of the European Parliament and of the Council of 27 April 2016. Art. 6 para. 1b.<\/em><\/p>\n<p>If you apply for employment based on the provisions of law specified in art. 221 of the Act of 26 June 1974, Labor Code (i.e. Dz. U. of 2014, item 1502), providing data is mandatory. They will be processed until the end of the recruitment process, then destroyed. If you want us to save your data for future recruitment purposes, please include the following statement in your documents:<\/p>\n<p>&quot;I consent to the processing of my personal data by Centrum Bada\u0144 Klinicznych PI-House Sp. z o. o. with headquarters in Gda\u0144sk (80-546), ul. For Zaspa 3 also in future recruitment processes. My consent to data processing is valid until further notice. &quot;<\/p>\n<p>Recruitment based on civil law contracts (contract for specific work, assignments), personal data provided are necessary, but they can be provided only voluntarily. Please include the following clause in your documents:<\/p>\n<p>&quot;I consent to the processing of my personal data by Centrum Bada\u0144 Klinicznych PI-House Sp. z o. o. with headquarters in Gda\u0144sk (80-546), ul. For Zaspa 3 for the needs of the implementation of current and future recruitment processes * &quot;.<\/p>\n<p>* please delete if you do not agree to the processing of data in future recruitment processes. Your data will be destroyed after the current one.<\/p>\n<p>Personal data may also be processed with your consent in order to study customer satisfaction, including obtaining qualitative information, market opinion research, statistical and analytical research -&nbsp;<em>legal basis Regulation (EU) 2016\/679 of the European Parliament and of the Council of 27 April 2016. Art. 6 para. 1 point and.<\/em>&nbsp;On the other hand, one-off satisfaction surveys after cooperation \/ research will be carried out based on -&nbsp;<em>GDPR Article 6 para. 1 point f.<\/em><\/p>\n<p>Informujemy \u017ce Pa\u0144stwa dane b\u0119d\u0105 przekazywane do EMC S.A. \u015bwiadcz\u0105cej us\u0142ugi z zakresu obs\u0142ugi Informatycznej PI-House, w celu mo\u017cliwie najbezpieczniejszego przechowywania danych osobowych.<\/p>\n<p>The data you provide to us will be stored for the period of:<\/p>\n<p>\u2013&nbsp; 20 lat \u2013 dane do kontaktu w sprawie bada\u0144 klinicznych ze wzgl\u0119du na wyst\u0119puj\u0105ce tam dane wra\u017cliwe.<\/p>\n<p>\u2013&nbsp; 7 lat \u2013 dane do rozlicze\u0144 i kontakt\u00f3w biznesowych (faktury, umowy, kontakty).<\/p>\n<p>\u2013&nbsp; Dane kadrowo-p\u0142acowe os\u00f3b zatrudnionych w PI-House b\u0119d\u0105 przetwarzane przez okres wynikaj\u0105cy z przepis\u00f3w prawa (obecnie 50 lat).<\/p>\n<p>The Data Administrator informs that you have the right to request access to your personal data, rectify it, delete it, limit processing or object to processing, as well as transfer data.<\/p>\n<p>In the case of processing your data based on consents, the Data Administrator informs you of your right to withdraw without giving a reason and without affecting the lawfulness of the processing which was carried out on the basis of consent before its withdrawal.<\/p>\n<p>You can withdraw your consent by contacting the Data Administrator using the following email address:&nbsp;<a href=\"mailto:iod@pihouse.pl\">iod@pihouse.pl<\/a>&nbsp;, or in a traditional form to the address of the Data Administrator&#039;s registered office with the note &quot;PERSONAL DATA&quot;.<\/p>\n<p>We also inform you of your right to lodge a complaint with the supervisory authority.<\/p>\n<p>Thank you.<\/p>\n<\/div>\n<\/div>\n<div class=\"col-lg-4 col-sm-4 col-md-4 col-xs-12 dlaczego-bg text-center\">&nbsp;<\/div>\t\t\t\t\t\t<\/div>\n\t\t\t\t<\/div>\n\t\t\t\t\t<\/div>\n\t\t<\/div>\n\t\t\t\t\t<\/div>\n\t\t<\/section>\n\t\t\t\t<\/div>","protected":false},"excerpt":{"rendered":"<p>Ochrona Danych Osobowych Administratorem Danych Osobowych&nbsp;jest&nbsp;Centrum Bada\u0144 Klinicznych PI-House Sp. z o.o.&nbsp;z siedzib\u0105 w Gda\u0144sku (80-546), ul. Na Zasp\u0119 3, zarejestrowanym w S\u0105dzie Rejonowym Gda\u0144sk \u2013 P\u00f3\u0142noc w Gda\u0144sku VII Wydzia\u0142 Gospodarczy Krajowego Rejestru S\u0105dowego pod numerem KRS: 0000394618, NIP: 9571059089. Informujemy \u017ce Administrator Danych wyznaczy\u0142 Inspektora Ochrony Danych Osobowych \u2013 Jakub Szewczuk. Maj\u0105 Pa\u0144stwo [&hellip;]<\/p>","protected":false},"author":1,"featured_media":0,"parent":0,"menu_order":0,"comment_status":"closed","ping_status":"closed","template":"","meta":{"footnotes":""},"yoast_head":"<!-- This site is optimized with the Yoast SEO plugin v23.0 - https:\/\/yoast.com\/wordpress\/plugins\/seo\/ -->\n<title>Ochrona danych - PI-House \u2013 Centrum Bada\u0144 Klinicznych<\/title>\n<meta name=\"robots\" content=\"index, follow, max-snippet:-1, max-image-preview:large, max-video-preview:-1\" \/>\n<link rel=\"canonical\" href=\"https:\/\/pihouse.pl\/en\/ochrona_danych\/\" \/>\n<meta property=\"og:locale\" content=\"en_GB\" \/>\n<meta property=\"og:type\" content=\"article\" \/>\n<meta property=\"og:title\" content=\"Ochrona danych - PI-House \u2013 Centrum Bada\u0144 Klinicznych\" \/>\n<meta property=\"og:description\" content=\"Ochrona Danych Osobowych Administratorem Danych Osobowych&nbsp;jest&nbsp;Centrum Bada\u0144 Klinicznych PI-House Sp. z o.o.&nbsp;z siedzib\u0105 w Gda\u0144sku (80-546), ul. Na Zasp\u0119 3, zarejestrowanym w S\u0105dzie Rejonowym Gda\u0144sk \u2013 P\u00f3\u0142noc w Gda\u0144sku VII Wydzia\u0142 Gospodarczy Krajowego Rejestru S\u0105dowego pod numerem KRS: 0000394618, NIP: 9571059089. Informujemy \u017ce Administrator Danych wyznaczy\u0142 Inspektora Ochrony Danych Osobowych \u2013 Jakub Szewczuk. Maj\u0105 Pa\u0144stwo [&hellip;]\" \/>\n<meta property=\"og:url\" content=\"https:\/\/pihouse.pl\/en\/ochrona_danych\/\" \/>\n<meta property=\"og:site_name\" content=\"PI-House \u2013 Centrum Bada\u0144 Klinicznych\" \/>\n<meta property=\"article:modified_time\" content=\"2025-05-12T12:00:51+00:00\" \/>\n<meta name=\"twitter:card\" content=\"summary_large_image\" \/>\n<meta name=\"twitter:label1\" content=\"Estimated reading time\" \/>\n\t<meta name=\"twitter:data1\" content=\"4 minutes\" \/>\n<script type=\"application\/ld+json\" class=\"yoast-schema-graph\">{\"@context\":\"https:\/\/schema.org\",\"@graph\":[{\"@type\":\"WebPage\",\"@id\":\"https:\/\/pihouse.pl\/ochrona_danych\/\",\"url\":\"https:\/\/pihouse.pl\/ochrona_danych\/\",\"name\":\"Ochrona danych - PI-House \u2013 Centrum Bada\u0144 Klinicznych\",\"isPartOf\":{\"@id\":\"https:\/\/pihouse.pl\/#website\"},\"datePublished\":\"2019-11-02T09:43:48+00:00\",\"dateModified\":\"2025-05-12T12:00:51+00:00\",\"breadcrumb\":{\"@id\":\"https:\/\/pihouse.pl\/ochrona_danych\/#breadcrumb\"},\"inLanguage\":\"en-GB\",\"potentialAction\":[{\"@type\":\"ReadAction\",\"target\":[\"https:\/\/pihouse.pl\/ochrona_danych\/\"]}]},{\"@type\":\"BreadcrumbList\",\"@id\":\"https:\/\/pihouse.pl\/ochrona_danych\/#breadcrumb\",\"itemListElement\":[{\"@type\":\"ListItem\",\"position\":1,\"name\":\"Strona g\u0142\u00f3wna\",\"item\":\"https:\/\/pihouse.pl\/\"},{\"@type\":\"ListItem\",\"position\":2,\"name\":\"Ochrona danych\"}]},{\"@type\":\"WebSite\",\"@id\":\"https:\/\/pihouse.pl\/#website\",\"url\":\"https:\/\/pihouse.pl\/\",\"name\":\"PI-House \u2013 Centrum Bada\u0144 Klinicznych\",\"description\":\"W okresie naszej dzia\u0142alno\u015bci przeprowadzili\u015bmy wiele bada\u0144 klinicznych. Wci\u0105\u017c zwi\u0119kszamy ilo\u015b\u0107 bada\u0144 oraz liczb\u0119 pacjent\u00f3w.\",\"publisher\":{\"@id\":\"https:\/\/pihouse.pl\/#organization\"},\"potentialAction\":[{\"@type\":\"SearchAction\",\"target\":{\"@type\":\"EntryPoint\",\"urlTemplate\":\"https:\/\/pihouse.pl\/?s={search_term_string}\"},\"query-input\":\"required name=search_term_string\"}],\"inLanguage\":\"en-GB\"},{\"@type\":\"Organization\",\"@id\":\"https:\/\/pihouse.pl\/#organization\",\"name\":\"PI-House \u2013 Centrum Bada\u0144 Klinicznych\",\"url\":\"https:\/\/pihouse.pl\/\",\"logo\":{\"@type\":\"ImageObject\",\"inLanguage\":\"en-GB\",\"@id\":\"https:\/\/pihouse.pl\/#\/schema\/logo\/image\/\",\"url\":\"https:\/\/pihouse.pl\/wp-content\/uploads\/2019\/06\/107x107.png\",\"contentUrl\":\"https:\/\/pihouse.pl\/wp-content\/uploads\/2019\/06\/107x107.png\",\"width\":107,\"height\":107,\"caption\":\"PI-House \u2013 Centrum Bada\u0144 Klinicznych\"},\"image\":{\"@id\":\"https:\/\/pihouse.pl\/#\/schema\/logo\/image\/\"}}]}<\/script>\n<!-- \/ Yoast SEO plugin. -->","yoast_head_json":{"title":"Ochrona danych - PI-House \u2013 Centrum Bada\u0144 Klinicznych","robots":{"index":"index","follow":"follow","max-snippet":"max-snippet:-1","max-image-preview":"max-image-preview:large","max-video-preview":"max-video-preview:-1"},"canonical":"https:\/\/pihouse.pl\/en\/ochrona_danych\/","og_locale":"en_GB","og_type":"article","og_title":"Ochrona danych - PI-House \u2013 Centrum Bada\u0144 Klinicznych","og_description":"Ochrona Danych Osobowych Administratorem Danych Osobowych&nbsp;jest&nbsp;Centrum Bada\u0144 Klinicznych PI-House Sp. z o.o.&nbsp;z siedzib\u0105 w Gda\u0144sku (80-546), ul. Na Zasp\u0119 3, zarejestrowanym w S\u0105dzie Rejonowym Gda\u0144sk \u2013 P\u00f3\u0142noc w Gda\u0144sku VII Wydzia\u0142 Gospodarczy Krajowego Rejestru S\u0105dowego pod numerem KRS: 0000394618, NIP: 9571059089. Informujemy \u017ce Administrator Danych wyznaczy\u0142 Inspektora Ochrony Danych Osobowych \u2013 Jakub Szewczuk. Maj\u0105 Pa\u0144stwo [&hellip;]","og_url":"https:\/\/pihouse.pl\/en\/ochrona_danych\/","og_site_name":"PI-House \u2013 Centrum Bada\u0144 Klinicznych","article_modified_time":"2025-05-12T12:00:51+00:00","twitter_card":"summary_large_image","twitter_misc":{"Estimated reading time":"4 minutes"},"schema":{"@context":"https:\/\/schema.org","@graph":[{"@type":"WebPage","@id":"https:\/\/pihouse.pl\/ochrona_danych\/","url":"https:\/\/pihouse.pl\/ochrona_danych\/","name":"Ochrona danych - PI-House \u2013 Centrum Bada\u0144 Klinicznych","isPartOf":{"@id":"https:\/\/pihouse.pl\/#website"},"datePublished":"2019-11-02T09:43:48+00:00","dateModified":"2025-05-12T12:00:51+00:00","breadcrumb":{"@id":"https:\/\/pihouse.pl\/ochrona_danych\/#breadcrumb"},"inLanguage":"en-GB","potentialAction":[{"@type":"ReadAction","target":["https:\/\/pihouse.pl\/ochrona_danych\/"]}]},{"@type":"BreadcrumbList","@id":"https:\/\/pihouse.pl\/ochrona_danych\/#breadcrumb","itemListElement":[{"@type":"ListItem","position":1,"name":"Strona g\u0142\u00f3wna","item":"https:\/\/pihouse.pl\/"},{"@type":"ListItem","position":2,"name":"Ochrona danych"}]},{"@type":"WebSite","@id":"https:\/\/pihouse.pl\/#website","url":"https:\/\/pihouse.pl\/","name":"PI-House - Clinical Research Center","description":"During our period of activity, we have conducted many clinical studies. We are still increasing the number of tests and the number of patients.","publisher":{"@id":"https:\/\/pihouse.pl\/#organization"},"potentialAction":[{"@type":"SearchAction","target":{"@type":"EntryPoint","urlTemplate":"https:\/\/pihouse.pl\/?s={search_term_string}"},"query-input":"required name=search_term_string"}],"inLanguage":"en-GB"},{"@type":"Organization","@id":"https:\/\/pihouse.pl\/#organization","name":"PI-House - Clinical Research Center","url":"https:\/\/pihouse.pl\/","logo":{"@type":"ImageObject","inLanguage":"en-GB","@id":"https:\/\/pihouse.pl\/#\/schema\/logo\/image\/","url":"https:\/\/pihouse.pl\/wp-content\/uploads\/2019\/06\/107x107.png","contentUrl":"https:\/\/pihouse.pl\/wp-content\/uploads\/2019\/06\/107x107.png","width":107,"height":107,"caption":"PI-House \u2013 Centrum Bada\u0144 Klinicznych"},"image":{"@id":"https:\/\/pihouse.pl\/#\/schema\/logo\/image\/"}}]}},"_links":{"self":[{"href":"https:\/\/pihouse.pl\/en\/wp-json\/wp\/v2\/pages\/1499"}],"collection":[{"href":"https:\/\/pihouse.pl\/en\/wp-json\/wp\/v2\/pages"}],"about":[{"href":"https:\/\/pihouse.pl\/en\/wp-json\/wp\/v2\/types\/page"}],"author":[{"embeddable":true,"href":"https:\/\/pihouse.pl\/en\/wp-json\/wp\/v2\/users\/1"}],"replies":[{"embeddable":true,"href":"https:\/\/pihouse.pl\/en\/wp-json\/wp\/v2\/comments?post=1499"}],"version-history":[{"count":3,"href":"https:\/\/pihouse.pl\/en\/wp-json\/wp\/v2\/pages\/1499\/revisions"}],"predecessor-version":[{"id":6980,"href":"https:\/\/pihouse.pl\/en\/wp-json\/wp\/v2\/pages\/1499\/revisions\/6980"}],"wp:attachment":[{"href":"https:\/\/pihouse.pl\/en\/wp-json\/wp\/v2\/media?parent=1499"}],"curies":[{"name":"wp","href":"https:\/\/api.w.org\/{rel}","templated":true}]}}